{"id":20,"date":"2023-03-29T12:20:40","date_gmt":"2023-03-29T10:20:40","guid":{"rendered":"https:\/\/angela-czaja.de\/?page_id=20"},"modified":"2026-01-21T12:00:10","modified_gmt":"2026-01-21T11:00:10","slug":"info","status":"publish","type":"page","link":"https:\/\/angela-czaja.de\/?page_id=20","title":{"rendered":"Info"},"content":{"rendered":"\n<p>Herzlich willkommen auf meiner Website!<\/p>\n\n\n\n<p>Wie Sie vielleicht schon gesehen haben, ist das verbindende Element meiner Arbeiten Kunststoff-Treibgut aus Netz- und Seilfragmenten. <br><br>Mit der Absicht, die Str\u00e4nde davon zu befreien fing ich an, es aufzusammeln, damit etwas weniger herumliegt, das Meere verschmutzt, Tiere gef\u00e4hrdet und sich in Mikroplastik verwandelt.<\/p>\n\n\n\n<p>Meine Sammlungen waren in ihrer Farben-und Formenvielfalt aber so ansprechend und inspirierend, dass ich mich n\u00e4her mit den Fundst\u00fccken besch\u00e4ftigte. Ich wusch und sortierte sie, begann sie zu verarbeiten und zudem mit Malerei, Grafik und Bildhauerei zu verbinden.<\/p>\n\n\n\n<p>Auf diese Weise bekommt der angeschwemmte Plastikabfall eine neue Bestimmung und wird zu einem unaustauschbaren k\u00fcnstlerischen Element, das neue Blickwinkel \u00f6ffnet, neue Geschichten erz\u00e4hlt und nicht zuletzt die Aufmerksamkeit auf eins unserer gro\u00dfen M\u00fcllprobleme lenkt, die es zu l\u00f6sen gilt.<\/p>\n\n\n\n<p>Viel Vergn\u00fcgen und Inspirationen beim Klicken durch meine Seiten!<\/p>\n\n\n\n<p>Angela Czaja<\/p>\n\n\n\n<p><\/p>\n\n\n\n<p><strong>CV<\/strong><\/p>\n\n\n\n<p>Lehramt f\u00fcr Sek.1, Kunst und Textilgestaltung,<br>Universit\u00e4t K\u00f6ln, 1. und 2. Staatsexamen<br><br>DTP, digitale Bildbearbeitung: Olivetti 2000, K\u00f6ln<br>\u00d6lmalerei: Freie Kunstschule K\u00f6ln<br>Marmorbildhauerei:<br>Campo Altissimo, Azzano und Arco Arte, Carrara<br><\/p>\n\n\n\n<p><strong>Einzelausstellungen<\/strong><\/p>\n\n\n\n<p><a href=\"https:\/\/angela-czaja.de\/wp-content\/uploads\/2023\/04\/angespuelt_web.pdf\">angesp\u00fclt &#8211; Freya-<\/a><a href=\"https:\/\/angela-czaja.de\/wp-content\/uploads\/2023\/04\/angespuelt_web.pdf\" target=\"_blank\" rel=\"noreferrer noopener\">Frahm<\/a><a href=\"https:\/\/angela-czaja.de\/wp-content\/uploads\/2023\/04\/angespuelt_web.pdf\">-Haus, Laboe 2022<\/a><br><a href=\"https:\/\/angela-czaja.de\/wp-content\/uploads\/2023\/04\/bildereXs.pdf\" target=\"_blank\" rel=\"noreferrer noopener\">Caf\u00e9 eXspressionist, K\u00f6ln 2013<\/a><br><\/p>\n\n\n\n<p><strong>Gruppenausstellungen<\/strong><\/p>\n\n\n\n<p>Rome Open Art &#8211; ART.NUMBER 23, Medina Art Gallery Roma 2025<br>&#8222;Affectus&#8220; ZN1 Galerie, K\u00f6ln 2025<br>&#8222;Schaufenster der Harmonie&#8220; Atelier Asuman Hasircioglu im Kunsthaus Rhenania, Museumsnacht K\u00f6ln 2024<br><a href=\"https:\/\/www.kunstimcarree.de\/galerie-2024\">22. Kunst im Carr\u00e9e, K\u00f6ln 2024<\/a><br><a href=\"https:\/\/www.youtube.com\/watch?v=dTwqp5gvqkg\">ExpoMetro NY Times Square 2023<\/a> &#8211; online<br><a href=\"https:\/\/www.kunstimcarree.de\/galerie-2023\">21. Kunst im Carr\u00e9e, K\u00f6ln 2023<\/a><br><a href=\"https:\/\/angela-czaja.de\/wp-content\/uploads\/2023\/06\/Klingenberg_P.jpg\" data-type=\"attachment\" data-id=\"346\">Kunstraum Churfranken, Galerie L\u00f6w-Haus, Klingenberg am Main 2023<\/a><br><a href=\"https:\/\/www.kunstimcarree.de\/galerie\" target=\"_blank\" rel=\"noreferrer noopener\">20. Kunst im Carr\u00e9e, K\u00f6ln 2022<\/a><br><a href=\"https:\/\/online.fliphtml5.com\/ubzkz\/odzb\/\" target=\"_blank\" rel=\"noreferrer noopener\">KunsTraum H\u00fcrth, 2022<\/a><br>SOS Die Kraft, die von der feinen Ber\u00fchrung der Kunst stammt &#8211; online, <a href=\"https:\/\/www.youtube.com\/watch?v=XWwR1TNRmy4\" target=\"_blank\" rel=\"noreferrer noopener\">Video<\/a>, K\u00f6ln 2021<br><a href=\"https:\/\/angela-czaja.de\/wp-content\/uploads\/2023\/04\/GintareSchaufenster-scaled.jpg\" data-type=\"attachment\" data-id=\"278\" target=\"_blank\" rel=\"noreferrer noopener\">Schaufensterausstellung im Atelier Gintare L.<\/a> &#8211; <a href=\"https:\/\/www.instagram.com\/tv\/CPjUGEPKvp7\/?utm_medium=copy_link\" target=\"_blank\" rel=\"noreferrer noopener\">Video<\/a>, K\u00f6ln 2021<br><a href=\"https:\/\/www.youtube.com\/c\/LacunaFestivals\" target=\"_blank\" rel=\"noreferrer noopener\">Lacuna Festivals<\/a> &#8218;Distance&#8216; Lanzarote 2021 &#8211; online, <a href=\"https:\/\/www.youtube.com\/watch?v=dgFQjJ7CIx4\" target=\"_blank\" rel=\"noreferrer noopener\">Interview<\/a><br>Hamburg zeigt Kunst 2019<br><a href=\"https:\/\/angela-czaja.de\/wp-content\/uploads\/2023\/04\/KiC2016_Verzweiflung_Freude_2.pdf\" data-type=\"attachment\" data-id=\"280\" target=\"_blank\" rel=\"noreferrer noopener\">14. Kunst im Carr\u00e9e, K\u00f6ln 2016<\/a><br><a href=\"https:\/\/angela-czaja.de\/wp-content\/uploads\/2023\/04\/Strassensperre.jpg\" data-type=\"attachment\" data-id=\"281\" target=\"_blank\" rel=\"noreferrer noopener\">Galerie Art Caf\u00e9, K\u00f6ln 2016\u00a0<\/a><br><a href=\"https:\/\/angela-czaja.de\/wp-content\/uploads\/2023\/04\/KalkKunst2014.jpg\" data-type=\"attachment\" data-id=\"279\" target=\"_blank\" rel=\"noreferrer noopener\">10. KalkKunst, K\u00f6ln 2014<\/a><\/p>\n\n\n\n<figure class=\"wp-block-image size-full is-resized\"><a href=\"https:\/\/angela-czaja.de\/?pgc_simply_gallery=digitale-collagen\" target=\"_blank\" rel=\"noreferrer noopener\"><img loading=\"lazy\" decoding=\"async\" width=\"512\" height=\"512\" src=\"https:\/\/angela-czaja.de\/wp-content\/uploads\/2023\/04\/Logo_digC.png\" alt=\"\" class=\"wp-image-315\" style=\"width:51px;height:51px\" srcset=\"https:\/\/angela-czaja.de\/wp-content\/uploads\/2023\/04\/Logo_digC.png 512w, https:\/\/angela-czaja.de\/wp-content\/uploads\/2023\/04\/Logo_digC-300x300.png 300w, https:\/\/angela-czaja.de\/wp-content\/uploads\/2023\/04\/Logo_digC-150x150.png 150w\" sizes=\"auto, (max-width: 512px) 100vw, 512px\" \/><\/a><figcaption class=\"wp-element-caption\">Projekt <strong>Digitale Collagen<\/strong> aus Fotos mit Zeichnungen und Skulpturen<\/figcaption><\/figure>\n\n\n\n<p><\/p>\n","protected":false},"excerpt":{"rendered":"<p>Herzlich willkommen auf meiner Website! Wie Sie vielleicht schon gesehen haben, ist das verbindende Element meiner Arbeiten Kunststoff-Treibgut aus Netz- und Seilfragmenten. Mit der Absicht, die Str\u00e4nde davon zu befreien fing ich an, es aufzusammeln, damit etwas weniger herumliegt, das Meere verschmutzt, Tiere gef\u00e4hrdet und sich in Mikroplastik verwandelt. Meine Sammlungen waren in ihrer Farben-und [&hellip;]<\/p>\n","protected":false},"author":1,"featured_media":0,"parent":0,"menu_order":5,"comment_status":"closed","ping_status":"closed","template":"","meta":{"site-sidebar-layout":"default","site-content-layout":"","ast-site-content-layout":"default","site-content-style":"default","site-sidebar-style":"default","ast-global-header-display":"","ast-banner-title-visibility":"","ast-main-header-display":"","ast-hfb-above-header-display":"","ast-hfb-below-header-display":"","ast-hfb-mobile-header-display":"","site-post-title":"","ast-breadcrumbs-content":"","ast-featured-img":"","footer-sml-layout":"","ast-disable-related-posts":"","theme-transparent-header-meta":"","adv-header-id-meta":"","stick-header-meta":"","header-above-stick-meta":"","header-main-stick-meta":"","header-below-stick-meta":"","astra-migrate-meta-layouts":"set","ast-page-background-enabled":"default","ast-page-background-meta":{"desktop":{"background-color":"var(--ast-global-color-4)","background-image":"","background-repeat":"repeat","background-position":"center center","background-size":"auto","background-attachment":"scroll","background-type":"","background-media":"","overlay-type":"","overlay-color":"","overlay-opacity":"","overlay-gradient":""},"tablet":{"background-color":"","background-image":"","background-repeat":"repeat","background-position":"center center","background-size":"auto","background-attachment":"scroll","background-type":"","background-media":"","overlay-type":"","overlay-color":"","overlay-opacity":"","overlay-gradient":""},"mobile":{"background-color":"","background-image":"","background-repeat":"repeat","background-position":"center center","background-size":"auto","background-attachment":"scroll","background-type":"","background-media":"","overlay-type":"","overlay-color":"","overlay-opacity":"","overlay-gradient":""}},"ast-content-background-meta":{"desktop":{"background-color":"var(--ast-global-color-5)","background-image":"","background-repeat":"repeat","background-position":"center center","background-size":"auto","background-attachment":"scroll","background-type":"","background-media":"","overlay-type":"","overlay-color":"","overlay-opacity":"","overlay-gradient":""},"tablet":{"background-color":"var(--ast-global-color-5)","background-image":"","background-repeat":"repeat","background-position":"center center","background-size":"auto","background-attachment":"scroll","background-type":"","background-media":"","overlay-type":"","overlay-color":"","overlay-opacity":"","overlay-gradient":""},"mobile":{"background-color":"var(--ast-global-color-5)","background-image":"","background-repeat":"repeat","background-position":"center center","background-size":"auto","background-attachment":"scroll","background-type":"","background-media":"","overlay-type":"","overlay-color":"","overlay-opacity":"","overlay-gradient":""}},"pgc_sgb_lightbox_settings":"","footnotes":""},"class_list":["post-20","page","type-page","status-publish","hentry"],"_links":{"self":[{"href":"https:\/\/angela-czaja.de\/index.php?rest_route=\/wp\/v2\/pages\/20","targetHints":{"allow":["GET"]}}],"collection":[{"href":"https:\/\/angela-czaja.de\/index.php?rest_route=\/wp\/v2\/pages"}],"about":[{"href":"https:\/\/angela-czaja.de\/index.php?rest_route=\/wp\/v2\/types\/page"}],"author":[{"embeddable":true,"href":"https:\/\/angela-czaja.de\/index.php?rest_route=\/wp\/v2\/users\/1"}],"replies":[{"embeddable":true,"href":"https:\/\/angela-czaja.de\/index.php?rest_route=%2Fwp%2Fv2%2Fcomments&post=20"}],"version-history":[{"count":25,"href":"https:\/\/angela-czaja.de\/index.php?rest_route=\/wp\/v2\/pages\/20\/revisions"}],"predecessor-version":[{"id":471,"href":"https:\/\/angela-czaja.de\/index.php?rest_route=\/wp\/v2\/pages\/20\/revisions\/471"}],"wp:attachment":[{"href":"https:\/\/angela-czaja.de\/index.php?rest_route=%2Fwp%2Fv2%2Fmedia&parent=20"}],"curies":[{"name":"wp","href":"https:\/\/api.w.org\/{rel}","templated":true}]}}